{"id":73,"date":"2018-10-23T08:32:35","date_gmt":"2018-10-23T08:32:35","guid":{"rendered":"https:\/\/futuriodemos.com\/default-demo\/?page_id=72"},"modified":"2021-03-23T15:38:31","modified_gmt":"2021-03-23T14:38:31","slug":"contact","status":"publish","type":"page","link":"https:\/\/www.gotokajak.pl\/index.php\/contact\/","title":{"rendered":"Kontakt"},"content":{"rendered":"\n<p>Je\u015bli chcesz sp\u0142yn\u0105\u0107 Nid\u0105 kajakiem lub masz jakie\u015b pytania skontaktuj si\u0119 z nami. Dobierzemy optymaln\u0105 tras\u0119 do Twoich oczekiwa\u0144, pomo\u017cemy, dobierzemy ekwipunek.\u00a0<\/p>\n\n\n<div class=\"wpforms-container wpforms-container-full wpforms-block\" id=\"wpforms-369\"><form id=\"wpforms-form-369\" class=\"wpforms-validate wpforms-form\" data-formid=\"369\" method=\"post\" enctype=\"multipart\/form-data\" action=\"\/index.php\/wp-json\/wp\/v2\/pages\/73\" data-token=\"dd02be29fe354aa248f23baca89aa5fe\" data-token-time=\"1776344214\"><noscript class=\"wpforms-error-noscript\">Aby wype\u0142ni\u0107 ten formularz, w\u0142\u0105cz obs\u0142ug\u0119 JavaScript w przegl\u0105darce.<\/noscript><div class=\"wpforms-field-container\"><div id=\"wpforms-369-field_5-container\" class=\"wpforms-field wpforms-field-text\" data-field-id=\"5\"><label class=\"wpforms-field-label\" for=\"wpforms-369-field_5\">Imi\u0119 i Nazwisko <span class=\"wpforms-required-label\">*<\/span><\/label><input type=\"text\" id=\"wpforms-369-field_5\" class=\"wpforms-field-medium wpforms-field-required\" name=\"wpforms[fields][5]\" required><\/div><div id=\"wpforms-369-field_4-container\" class=\"wpforms-field wpforms-field-number\" data-field-id=\"4\"><label class=\"wpforms-field-label\" for=\"wpforms-369-field_4\">Telefon <span class=\"wpforms-required-label\">*<\/span><\/label><input type=\"number\" id=\"wpforms-369-field_4\" class=\"wpforms-field-medium wpforms-field-required\" name=\"wpforms[fields][4]\" step=\"any\" required><\/div><div id=\"wpforms-369-field_1-container\" class=\"wpforms-field wpforms-field-email\" data-field-id=\"1\"><label class=\"wpforms-field-label\" for=\"wpforms-369-field_1\">Email <span class=\"wpforms-required-label\">*<\/span><\/label><input type=\"email\" id=\"wpforms-369-field_1\" class=\"wpforms-field-medium wpforms-field-required\" name=\"wpforms[fields][1]\" spellcheck=\"false\" required><\/div><div id=\"wpforms-369-field_2-container\" class=\"wpforms-field wpforms-field-textarea\" data-field-id=\"2\"><label class=\"wpforms-field-label\" for=\"wpforms-369-field_2\">Comment or Message <span class=\"wpforms-required-label\">*<\/span><\/label><textarea id=\"wpforms-369-field_2\" class=\"wpforms-field-medium wpforms-field-required\" name=\"wpforms[fields][2]\" required><\/textarea><\/div><\/div><!-- .wpforms-field-container --><div class=\"wpforms-submit-container\" ><input type=\"hidden\" name=\"wpforms[id]\" value=\"369\"><input type=\"hidden\" name=\"page_title\" value=\"\"><input type=\"hidden\" name=\"page_url\" value=\"https:\/\/www.gotokajak.pl\/index.php\/wp-json\/wp\/v2\/pages\/73\"><input type=\"hidden\" name=\"url_referer\" value=\"https:\/\/www.gotokajak.pl\/index.php\/contact\/\"><button type=\"submit\" name=\"wpforms[submit]\" id=\"wpforms-submit-369\" class=\"wpforms-submit\" data-alt-text=\"Zapytanie jest wysy\u0142ane\" data-submit-text=\"Wy\u015blij zapytanie\" aria-live=\"assertive\" value=\"wpforms-submit\">Wy\u015blij zapytanie<\/button><\/div><\/form><\/div>  <!-- .wpforms-container -->\n\n<p>\u00a0<\/p>\n<p><strong>Parking dla samochod\u00f3w:<\/strong><br \/>Dysponujemy bezpiecznym miejscem na samoch\u00f3d dzi\u0119ki czemu nie musisz si\u0119 martwi\u0107.\u00a0\u00a0<\/p>\n<p><strong>Transport:<\/strong><br \/>Jeste\u015bmy w stanie zorganizowa\u0107 transport na miejsce sp\u0142ywu, oraz odebra\u0107 Ci\u0119 z miejsca jego zako\u0144czenia &#8211; szczeg\u00f3\u0142owe informacje ustalimy podczas kontaktu osobistego.<\/p>\n<p>\u00a0<\/p>\n<p><strong>Parking dla samochod\u00f3w:<\/strong><br \/>Siedlce 127<\/p>\n<p>Masz pytania &#8211; dzwo\u0144 \u015bmia\u0142o i pytaj:<\/p>\n<ul>\n<li>Tomek &#8211; 660 677 664<\/li>\n<li>Marcin &#8211; 510 737 527<\/li>\n<\/ul>\n<h3>\u00a0<\/h3>\n\n\n<div class=\"wp-block-webfactory-map\"><div class=\"wp-block-webfactory-map\"><iframe width=\"100%\" height=\"495px\" src=\"https:\/\/www.google.com\/maps\/embed\/v1\/place?q=Wolica%20siedlce%20127&amp;maptype=roadmap&amp;zoom=12&amp;key=AIzaSyAjyDspiPfzEfjRSS5fQzm-3jHFjHxeXB4\" frameborder=\"0\"><\/iframe><\/div><\/div>\n","protected":false},"excerpt":{"rendered":"<p>Je\u015bli chcesz sp\u0142yn\u0105\u0107 Nid\u0105 kajakiem lub masz jakie\u015b pytania skontaktuj si\u0119 z nami. Dobierzemy optymaln\u0105 tras\u0119 do Twoich oczekiwa\u0144, pomo\u017cemy, dobierzemy ekwipunek.\u00a0 \u00a0 Parking dla samochod\u00f3w:Dysponujemy bezpiecznym miejscem na samoch\u00f3d dzi\u0119ki czemu nie musisz si\u0119 martwi\u0107.\u00a0\u00a0 Transport:Jeste\u015bmy w stanie zorganizowa\u0107 transport na miejsce sp\u0142ywu, oraz odebra\u0107 Ci\u0119 z miejsca jego zako\u0144czenia &#8211; szczeg\u00f3\u0142owe informacje ustalimy&hellip; <br \/> <a class=\"read-more\" href=\"https:\/\/www.gotokajak.pl\/index.php\/contact\/\">Dowiedz si\u0119 wi\u0119cej<\/a><\/p>\n","protected":false},"author":1,"featured_media":0,"parent":0,"menu_order":0,"comment_status":"closed","ping_status":"closed","template":"","meta":{"footnotes":""},"class_list":["post-73","page","type-page","status-publish","hentry"],"_links":{"self":[{"href":"https:\/\/www.gotokajak.pl\/index.php\/wp-json\/wp\/v2\/pages\/73","targetHints":{"allow":["GET"]}}],"collection":[{"href":"https:\/\/www.gotokajak.pl\/index.php\/wp-json\/wp\/v2\/pages"}],"about":[{"href":"https:\/\/www.gotokajak.pl\/index.php\/wp-json\/wp\/v2\/types\/page"}],"author":[{"embeddable":true,"href":"https:\/\/www.gotokajak.pl\/index.php\/wp-json\/wp\/v2\/users\/1"}],"replies":[{"embeddable":true,"href":"https:\/\/www.gotokajak.pl\/index.php\/wp-json\/wp\/v2\/comments?post=73"}],"version-history":[{"count":5,"href":"https:\/\/www.gotokajak.pl\/index.php\/wp-json\/wp\/v2\/pages\/73\/revisions"}],"predecessor-version":[{"id":373,"href":"https:\/\/www.gotokajak.pl\/index.php\/wp-json\/wp\/v2\/pages\/73\/revisions\/373"}],"wp:attachment":[{"href":"https:\/\/www.gotokajak.pl\/index.php\/wp-json\/wp\/v2\/media?parent=73"}],"curies":[{"name":"wp","href":"https:\/\/api.w.org\/{rel}","templated":true}]}}